{"id":1281,"date":"2018-09-03T14:04:04","date_gmt":"2018-09-03T12:04:04","guid":{"rendered":"https:\/\/www.villa-vista-mar.com\/?page_id=1281"},"modified":"2023-06-15T13:57:51","modified_gmt":"2023-06-15T11:57:51","slug":"contacto","status":"publish","type":"page","link":"https:\/\/www.villa-vista-mar.com\/es\/contacto\/","title":{"rendered":"Contacto (Kontakt)"},"content":{"rendered":"<div class=\"fusion-fullwidth fullwidth-box fusion-builder-row-1 has-pattern-background has-mask-background nonhundred-percent-fullwidth non-hundred-percent-height-scrolling\" style=\"--awb-background-position:left top;--awb-border-sizes-top:0px;--awb-border-sizes-bottom:0px;--awb-border-sizes-left:0px;--awb-border-sizes-right:0px;--awb-border-radius-top-left:0px;--awb-border-radius-top-right:0px;--awb-border-radius-bottom-right:0px;--awb-border-radius-bottom-left:0px;--awb-padding-top:60px;--awb-padding-bottom:30px;--awb-background-color:#f5f5f5;--awb-flex-wrap:wrap;\" ><div class=\"fusion-builder-row fusion-row\"><div class=\"fusion-layout-column fusion_builder_column fusion-builder-column-0 fusion_builder_column_1_3 1_3 fusion-one-third fusion-column-first\" style=\"--awb-bg-size:cover;width:30.6666%; margin-right: 4%;\"><div class=\"fusion-column-wrapper fusion-flex-column-wrapper-legacy\"><div class=\"fusion-text fusion-text-1\"><h1>Contacto<\/h1>\n<\/div><div class=\"fusion-sep-clear\"><\/div><div class=\"fusion-separator fusion-clearfix\" style=\"float:left;margin-top:0px;margin-bottom:35px;width:100%;max-width:170px;\"><div class=\"fusion-separator-border sep-single sep-solid\" style=\"--awb-height:20px;--awb-amount:20px;--awb-sep-color:#e2e3e8;border-color:#e2e3e8;border-top-width:3px;\"><\/div><\/div><div class=\"fusion-sep-clear\"><\/div><div class=\"fusion-text fusion-text-2\"><p>Caser\u00edo Monte Le\u00f3n, 47<br \/>\nCarretera 503, km 8.4<br \/>\nMonte Le\u00f3n (35109)<br \/>\nMaspalomas \/ San Bartolom\u00e9 de Tirajana<br \/>\nGran Canaria<\/p>\n<p><strong>Charlotte Klinghoffer<\/strong><br \/>\nE-Mail: <a href=\"mailto:reservierungsanfrage@villa-vista-mar.de\">reservierungsanfrage@villa-vista-mar.de<\/a><br \/>\n<span id=\"result_box\" class=\"short_text\" lang=\"es\"><span class=\"\">Tel\u00e9fono<\/span><\/span>: +491727463399<\/p>\n<\/div><div class=\"fusion-clearfix\"><\/div><\/div><\/div><div class=\"fusion-layout-column fusion_builder_column fusion-builder-column-1 fusion_builder_column_2_3 2_3 fusion-two-third fusion-column-last\" style=\"--awb-bg-size:cover;width:65.3333%;\"><div class=\"fusion-column-wrapper fusion-flex-column-wrapper-legacy\"><div class=\"fusion-sep-clear\"><\/div><div class=\"fusion-separator fusion-full-width-sep\" style=\"margin-left: auto;margin-right: auto;margin-top:15px;margin-bottom:20px;width:100%;max-width:100%;\"><\/div><div class=\"fusion-sep-clear\"><\/div>\n<div class=\"wpcf7 no-js\" id=\"wpcf7-f3268-o1\" lang=\"de-DE\" dir=\"ltr\" data-wpcf7-id=\"3268\">\n<div class=\"screen-reader-response\"><p role=\"status\" aria-live=\"polite\" aria-atomic=\"true\"><\/p> <ul><\/ul><\/div>\n<form action=\"\/es\/wp-json\/wp\/v2\/pages\/1281#wpcf7-f3268-o1\" method=\"post\" class=\"wpcf7-form init\" aria-label=\"Kontaktformular\" novalidate=\"novalidate\" data-status=\"init\">\n<fieldset class=\"hidden-fields-container\"><input type=\"hidden\" name=\"_wpcf7\" value=\"3268\" \/><input type=\"hidden\" name=\"_wpcf7_version\" value=\"6.1.4\" \/><input type=\"hidden\" name=\"_wpcf7_locale\" value=\"de_DE\" \/><input type=\"hidden\" name=\"_wpcf7_unit_tag\" value=\"wpcf7-f3268-o1\" \/><input type=\"hidden\" name=\"_wpcf7_container_post\" value=\"0\" \/><input type=\"hidden\" name=\"_wpcf7_posted_data_hash\" value=\"\" \/>\n<\/fieldset>\n<div class=\"fusion-one-half one_half fusion-layout-column fusion-spacing-yes\">\n\t<p><label><\/label>\n\t<\/p>\n\t<div>\n\t\t<p>Nombre*\n\t\t<\/p>\n\t<\/div>\n\t<p><span class=\"wpcf7-form-control-wrap\" data-name=\"your-vorname\"><input size=\"40\" maxlength=\"400\" class=\"wpcf7-form-control wpcf7-text wpcf7-validates-as-required\" aria-required=\"true\" aria-invalid=\"false\" value=\"\" type=\"text\" name=\"your-vorname\" \/><\/span>\n\t<\/p>\n<\/div>\n<div class=\"fusion-one-half one_half fusion-layout-column fusion-spacing-yes fusion-column-last\">\n\t<p><label><\/label>\n\t<\/p>\n\t<div>\n\t\t<p>Apellido*\n\t\t<\/p>\n\t<\/div>\n\t<p><span class=\"wpcf7-form-control-wrap\" data-name=\"your-nachname\"><input size=\"40\" maxlength=\"400\" class=\"wpcf7-form-control wpcf7-text wpcf7-validates-as-required\" aria-required=\"true\" aria-invalid=\"false\" value=\"\" type=\"text\" name=\"your-nachname\" \/><\/span>\n\t<\/p>\n<\/div>\n<div class=\"fusion-one-half one_half fusion-layout-column fusion-spacing-yes\">\n\t<p><label><\/label>\n\t<\/p>\n\t<div>\n\t\t<p>Fechas del viaje*\n\t\t<\/p>\n\t<\/div>\n\t<p><span class=\"wpcf7-form-control-wrap\" data-name=\"your-reisezeitraum\"><input size=\"40\" maxlength=\"400\" class=\"wpcf7-form-control wpcf7-text wpcf7-validates-as-required\" aria-required=\"true\" aria-invalid=\"false\" value=\"\" type=\"text\" name=\"your-reisezeitraum\" \/><\/span>\n\t<\/p>\n<\/div>\n<div class=\"fusion-one-half one_half fusion-layout-column fusion-spacing-yes fusion-column-last\">\n\t<p><label><\/label>\n\t<\/p>\n\t<div>\n\t\t<p>Opci\u00f3n de reserva*\n\t\t<\/p>\n\t<\/div>\n\t<p><span class=\"wpcf7-form-control-wrap\" data-name=\"varianten\"><select class=\"wpcf7-form-control wpcf7-select wpcf7-validates-as-required\" aria-required=\"true\" aria-invalid=\"false\" name=\"varianten\"><option value=\"\">- Por favor seleccione -<\/option><option value=\"Opci\u00f3n A\">Opci\u00f3n A<\/option><option value=\"Opci\u00f3n B\">Opci\u00f3n B<\/option><option value=\"Opci\u00f3n C\">Opci\u00f3n C<\/option><option value=\"Opci\u00f3n D\">Opci\u00f3n D<\/option><\/select><\/span>\n\t<\/p>\n<\/div>\n<div class=\"fusion-one-half one_half fusion-layout-column fusion-spacing-yes\">\n\t<p><label><\/label>\n\t<\/p>\n\t<div>\n\t\t<p>Su correo electr\u00f3nico*\n\t\t<\/p>\n\t<\/div>\n\t<p><span class=\"wpcf7-form-control-wrap\" data-name=\"your-email\"><input size=\"40\" maxlength=\"400\" class=\"wpcf7-form-control wpcf7-email wpcf7-validates-as-required wpcf7-text wpcf7-validates-as-email\" aria-required=\"true\" aria-invalid=\"false\" value=\"\" type=\"email\" name=\"your-email\" \/><\/span>\n\t<\/p>\n<\/div>\n<div class=\"fusion-one-half one_half fusion-layout-column fusion-spacing-yes fusion-column-last\">\n\t<p><label><\/label>\n\t<\/p>\n\t<div>\n\t\t<p>Tel\u00e9fono (para consultas)\n\t\t<\/p>\n\t<\/div>\n\t<p><span class=\"wpcf7-form-control-wrap\" data-name=\"your-phone\"><input size=\"40\" maxlength=\"400\" class=\"wpcf7-form-control wpcf7-tel wpcf7-text wpcf7-validates-as-tel\" aria-invalid=\"false\" value=\"\" type=\"tel\" name=\"your-phone\" \/><\/span>\n\t<\/p>\n<\/div>\n<div>\n\t<p><span class=\"wpcf7-form-control-wrap\" data-name=\"textarea-es\"><textarea cols=\"40\" rows=\"10\" maxlength=\"2000\" class=\"wpcf7-form-control wpcf7-textarea\" aria-invalid=\"false\" placeholder=\"Su mensaje ...\" name=\"textarea-es\"><\/textarea><\/span>\n\t<\/p>\n<\/div>\n<div class=\"fusion-one-half one_half fusion-layout-column fusion-spacing-yes\">\n\t<div>\n\t\t<p>Pregunta de seguridad*:\n\t\t<\/p>\n\t<\/div>\n\t<p><span class=\"wpcf7-form-control-wrap\" data-name=\"michelsohn\"><label><span class=\"wpcf7-quiz-label\">Suma de 4 y 3?<\/span> <input size=\"40\" class=\"wpcf7-form-control wpcf7-quiz\" autocomplete=\"off\" aria-required=\"true\" aria-invalid=\"false\" type=\"text\" name=\"michelsohn\" \/><\/label><input type=\"hidden\" name=\"_wpcf7_quiz_answer_michelsohn\" value=\"e5ef6d856c77aa752427c6115987e04a\" \/><\/span>\n\t<\/p>\n<\/div>\n<p><span id=\"wpcf7-69dcc23c19018-wrapper\" class=\"wpcf7-form-control-wrap E-Mail-wrap\" style=\"display:none !important; visibility:hidden !important;\"><label for=\"wpcf7-69dcc23c19018-field\" class=\"hp-message\">Bitte lasse dieses Feld leer.<\/label><input id=\"wpcf7-69dcc23c19018-field\"  class=\"wpcf7-form-control wpcf7-text\" type=\"text\" name=\"E-Mail\" value=\"\" size=\"40\" tabindex=\"-1\" autocomplete=\"new-password\" \/><\/span>\n<\/p>\n<p><span class=\"wpcf7-form-control-wrap\" data-name=\"checkbox\"><span class=\"wpcf7-form-control wpcf7-acceptance\"><span class=\"wpcf7-list-item\"><label><input type=\"checkbox\" name=\"checkbox\" value=\"1\" aria-invalid=\"false\" \/><span class=\"wpcf7-list-item-label\">S\u00ed, he le\u00eddo la declaraci\u00f3n de <a href=\"https:\/\/www.villa-vista-mar.com\/es\/proteccion-de-datos\/\"; target=\"_blank\">protecci\u00f3n de datos<\/a> y acepto que los datos que he proporcionado se recopilen y almacenen electr\u00f3nicamente. Mis datos solo ser\u00e1n utilizados estrictamente con el fin de procesar y responder a mi solicitud.<\/span><\/label><\/span><\/span><\/span>\n<\/p>\n<p><em>HINWEIS:<br \/>\nPuede revocar su consentimiento en cualquier momento para el futuro enviando un correo electr\u00f3nico a <a href=\"mailto:reservierungsanfrage@villa-vista-mar.de\">reservierungsanfrage@villa-vista-mar.de<\/a>. Los campos marcados con \"*\" son obligatorios y deben completarse.<\/em>\n<\/p>\n<p><input class=\"wpcf7-form-control wpcf7-submit has-spinner\" type=\"submit\" value=\"ENVIAR\" \/>\n<\/p><div class=\"fusion-alert alert custom alert-custom fusion-alert-center wpcf7-response-output fusion-alert-capitalize awb-alert-native-link-color alert-dismissable awb-alert-close-boxed\" style=\"--awb-border-size:1px;--awb-border-top-left-radius:0px;--awb-border-top-right-radius:0px;--awb-border-bottom-left-radius:0px;--awb-border-bottom-right-radius:0px;\" role=\"alert\"><div class=\"fusion-alert-content-wrapper\"><span class=\"fusion-alert-content\"><\/span><\/div><button type=\"button\" class=\"close toggle-alert\" data-dismiss=\"alert\" aria-label=\"Close\">&times;<\/button><\/div>\n<\/form>\n<\/div>\n<div class=\"fusion-sep-clear\"><\/div><div class=\"fusion-separator fusion-full-width-sep\" style=\"margin-left: auto;margin-right: auto;margin-top:15px;margin-bottom:15px;width:100%;\"><\/div><div class=\"fusion-sep-clear\"><\/div><div class=\"fusion-clearfix\"><\/div><\/div><\/div><\/div><\/div>\n","protected":false},"excerpt":{"rendered":"","protected":false},"author":1,"featured_media":0,"parent":0,"menu_order":0,"comment_status":"closed","ping_status":"open","template":"100-width.php","meta":{"_acf_changed":false,"footnotes":""},"class_list":["post-1281","page","type-page","status-publish","hentry"],"acf":[],"_links":{"self":[{"href":"https:\/\/www.villa-vista-mar.com\/es\/wp-json\/wp\/v2\/pages\/1281","targetHints":{"allow":["GET"]}}],"collection":[{"href":"https:\/\/www.villa-vista-mar.com\/es\/wp-json\/wp\/v2\/pages"}],"about":[{"href":"https:\/\/www.villa-vista-mar.com\/es\/wp-json\/wp\/v2\/types\/page"}],"author":[{"embeddable":true,"href":"https:\/\/www.villa-vista-mar.com\/es\/wp-json\/wp\/v2\/users\/1"}],"replies":[{"embeddable":true,"href":"https:\/\/www.villa-vista-mar.com\/es\/wp-json\/wp\/v2\/comments?post=1281"}],"version-history":[{"count":13,"href":"https:\/\/www.villa-vista-mar.com\/es\/wp-json\/wp\/v2\/pages\/1281\/revisions"}],"predecessor-version":[{"id":3683,"href":"https:\/\/www.villa-vista-mar.com\/es\/wp-json\/wp\/v2\/pages\/1281\/revisions\/3683"}],"wp:attachment":[{"href":"https:\/\/www.villa-vista-mar.com\/es\/wp-json\/wp\/v2\/media?parent=1281"}],"curies":[{"name":"wp","href":"https:\/\/api.w.org\/{rel}","templated":true}]}}