{"id":3508,"date":"2019-09-19T11:25:48","date_gmt":"2019-09-19T09:25:48","guid":{"rendered":"https:\/\/www.villa-vista-mar.com\/?page_id=3508"},"modified":"2025-12-02T13:18:39","modified_gmt":"2025-12-02T12:18:39","slug":"kalender","status":"publish","type":"page","link":"https:\/\/www.villa-vista-mar.com\/no\/kalender\/","title":{"rendered":"Kalender (Buchungsplan)"},"content":{"rendered":"<div class=\"fusion-fullwidth fullwidth-box fusion-builder-row-1 nonhundred-percent-fullwidth non-hundred-percent-height-scrolling\" style=\"--awb-background-position:left top;--awb-border-sizes-top:0px;--awb-border-sizes-bottom:0px;--awb-border-sizes-left:0px;--awb-border-sizes-right:0px;--awb-border-radius-top-left:0px;--awb-border-radius-top-right:0px;--awb-border-radius-bottom-right:0px;--awb-border-radius-bottom-left:0px;--awb-padding-top:30px;--awb-padding-bottom:30px;--awb-background-color:rgba(232,232,232,0.51);--awb-flex-wrap:wrap;\" ><div class=\"fusion-builder-row fusion-row\"><div class=\"fusion-layout-column fusion_builder_column fusion-builder-column-0 fusion_builder_column_1_1 1_1 fusion-one-full fusion-column-first fusion-column-last\" style=\"--awb-bg-size:cover;--awb-margin-bottom:40px;\"><div class=\"fusion-column-wrapper fusion-column-has-shadow fusion-flex-column-wrapper-legacy\"><div class=\"fusion-text fusion-text-1\"><h1><span class=\"tlid-translation translation\" lang=\"es\"><span class=\"\" title=\"\"><span class=\"tlid-translation translation\" lang=\"no\">Gjeldende beleggplan<\/span><\/span><\/span><\/h1>\n<\/div><div class=\"fusion-sep-clear\"><\/div><div class=\"fusion-separator fusion-clearfix\" style=\"float:left;margin-top:0px;margin-bottom:35px;width:100%;max-width:170px;\"><div class=\"fusion-separator-border sep-single sep-solid\" style=\"--awb-height:20px;--awb-amount:20px;--awb-sep-color:#e2e3e8;border-color:#e2e3e8;border-top-width:3px;\"><\/div><\/div><div class=\"fusion-sep-clear\"><\/div><div class=\"fusion-clearfix\"><\/div><\/div><\/div><div class=\"fusion-layout-column fusion_builder_column fusion-builder-column-1 fusion_builder_column_1_5 1_5 fusion-one-fifth fusion-column-first\" style=\"--awb-bg-size:cover;--awb-margin-bottom:40px;width:16.8%; margin-right: 4%;\"><div class=\"fusion-column-wrapper fusion-column-has-shadow fusion-flex-column-wrapper-legacy\"><div class=\"fusion-text fusion-text-2\"><p><strong><span class=\"tlid-translation translation\" lang=\"en\"><span class=\"\" title=\"\"><span class=\"tlid-translation translation\" lang=\"es\"><span class=\"tlid-translation translation\" lang=\"no\">Her finner du gjeldende beleggsplan for eiendommen v\u00e5r.<\/span><\/span><\/span><\/span><\/strong><\/p>\n<p><strong><a href=\"https:\/\/www.traum-ferienwohnungen.de\/275128\/\" target=\"_blank\" rel=\"noopener noreferrer\">\u00bb <span class=\"tlid-translation translation\" lang=\"es\"><span class=\"\" title=\"\"><span class=\"tlid-translation translation\" lang=\"no\">F\u00f8lg denne lenken<\/span><\/span><\/span><\/a><\/strong><\/p>\n<p>Du kan enkelt sende inn en foresp\u00f8rsel og senere fullf\u00f8re bestillingen din hos oss. Villaen, gjestehuset og leiligheten v\u00e5r har plass til opptil 18 personer. Vi ser frem til \u00e5 h\u00f8re fra deg.<\/p>\n<p>Charlotte Klinghoffer<\/p>\n<\/div><div class=\"fusion-sep-clear\"><\/div><div class=\"fusion-separator fusion-full-width-sep fusion-clearfix\" style=\"float:left;margin-top:25px;margin-bottom:25px;width:100%;\"><\/div><div class=\"fusion-sep-clear\"><\/div><div class=\"fusion-clearfix\"><\/div><\/div><\/div><div class=\"fusion-layout-column fusion_builder_column fusion-builder-column-2 fusion_builder_column_4_5 4_5 fusion-four-fifth fusion-column-last\" style=\"--awb-bg-size:cover;--awb-margin-bottom:40px;width:79.2%;\"><div class=\"fusion-column-wrapper fusion-column-has-shadow fusion-flex-column-wrapper-legacy\"><div id='traumfewo-calendar-275128' class=\"tfw-calendar-app\" data-base_url='www.traum-ferienwohnungen.de' data-language_id=\"1\" data-startMonth='0' data-numberOfMonths='6' data-listingid='275128'><a id='calendar-link-275128' href='https:\/\/traum-ferienwohnungen.de\/275128'>Villa Vista Mar auf traum-ferienwohnungen.de<\/a><\/div><script src=\"https:\/\/static2.traum-ferienwohnungen.de\/vmb-public\/cache\/js\/calendarWidget.js\" type='application\/javascript'><\/script><script type=\"application\/javascript\">function createWidget275128() {var calendarNode = document.getElementById('traumfewo-calendar-275128');var calendarWidget = new window.tfw.CalendarWidget(calendarNode); calendarWidget.throttle(\"resize\", \"optimizedResize\");window.addEventListener('resize', function() {calendarWidget.update();}, false);calendarWidget.init();}window.addEventListener(\"load\",function(event) {createWidget275128();},false);if(window.tfw && window.tfw.CalendarWidget){createWidget275128()}<\/script><div class=\"fusion-sep-clear\"><\/div><div class=\"fusion-separator fusion-full-width-sep fusion-clearfix\" style=\"float:left;margin-top:25px;margin-bottom:25px;width:100%;\"><\/div><div class=\"fusion-sep-clear\"><\/div><div class=\"fusion-clearfix\"><\/div><\/div><\/div><\/div><\/div>\n","protected":false},"excerpt":{"rendered":"","protected":false},"author":1,"featured_media":0,"parent":0,"menu_order":0,"comment_status":"closed","ping_status":"open","template":"100-width.php","meta":{"_acf_changed":false,"footnotes":""},"class_list":["post-3508","page","type-page","status-publish","hentry"],"acf":[],"_links":{"self":[{"href":"https:\/\/www.villa-vista-mar.com\/no\/wp-json\/wp\/v2\/pages\/3508","targetHints":{"allow":["GET"]}}],"collection":[{"href":"https:\/\/www.villa-vista-mar.com\/no\/wp-json\/wp\/v2\/pages"}],"about":[{"href":"https:\/\/www.villa-vista-mar.com\/no\/wp-json\/wp\/v2\/types\/page"}],"author":[{"embeddable":true,"href":"https:\/\/www.villa-vista-mar.com\/no\/wp-json\/wp\/v2\/users\/1"}],"replies":[{"embeddable":true,"href":"https:\/\/www.villa-vista-mar.com\/no\/wp-json\/wp\/v2\/comments?post=3508"}],"version-history":[{"count":4,"href":"https:\/\/www.villa-vista-mar.com\/no\/wp-json\/wp\/v2\/pages\/3508\/revisions"}],"predecessor-version":[{"id":5529,"href":"https:\/\/www.villa-vista-mar.com\/no\/wp-json\/wp\/v2\/pages\/3508\/revisions\/5529"}],"wp:attachment":[{"href":"https:\/\/www.villa-vista-mar.com\/no\/wp-json\/wp\/v2\/media?parent=3508"}],"curies":[{"name":"wp","href":"https:\/\/api.w.org\/{rel}","templated":true}]}}